{"id":8927,"date":"2025-10-24T22:43:22","date_gmt":"2025-10-24T22:43:22","guid":{"rendered":"https:\/\/chironex.eu\/case-studies\/"},"modified":"2025-10-30T19:49:39","modified_gmt":"2025-10-30T19:49:39","slug":"fallstudien","status":"publish","type":"page","link":"https:\/\/chironex.eu\/de\/fallstudien\/","title":{"rendered":"Fallstudien"},"content":{"rendered":"\t\t<div data-elementor-type=\"wp-page\" data-elementor-id=\"8927\" class=\"elementor elementor-8927 elementor-8364\">\n\t\t\t\t\t\t<section class=\"elementor-section elementor-top-section elementor-element elementor-element-12db6a72 elementor-section-boxed elementor-section-height-default elementor-section-height-default\" data-id=\"12db6a72\" data-element_type=\"section\">\n\t\t\t\t\t\t<div class=\"elementor-container elementor-column-gap-default\">\n\t\t\t\t\t<div class=\"elementor-column elementor-col-33 elementor-top-column elementor-element elementor-element-6820d13c\" data-id=\"6820d13c\" data-element_type=\"column\">\n\t\t\t<div class=\"elementor-widget-wrap elementor-element-populated\">\n\t\t\t\t\t\t<div class=\"elementor-element elementor-element-5aaa98e7 aleft elementor-widget elementor-widget-wgl-double-heading\" data-id=\"5aaa98e7\" data-element_type=\"widget\" data-widget_type=\"wgl-double-heading.default\">\n\t\t\t\t<div class=\"elementor-widget-container\">\n\t\t\t\t\t<div class=\"wgl-double-heading\"><h3 class=\"dblh__title-wrapper\"><span class=\"dblh__title dblh__title-1\">Fallstudien<\/span><\/h3><\/div>\t\t\t\t<\/div>\n\t\t\t\t<\/div>\n\t\t\t\t\t<\/div>\n\t\t<\/div>\n\t\t\t\t<div class=\"elementor-column elementor-col-66 elementor-top-column elementor-element elementor-element-5958cd93\" data-id=\"5958cd93\" data-element_type=\"column\">\n\t\t\t<div class=\"elementor-widget-wrap elementor-element-populated\">\n\t\t\t\t\t\t<div class=\"elementor-element elementor-element-21c86e1b elementor-widget elementor-widget-text-editor\" data-id=\"21c86e1b\" data-element_type=\"widget\" data-widget_type=\"text-editor.default\">\n\t\t\t\t<div class=\"elementor-widget-container\">\n\t\t\t\t\t\t\t\t\tEntdecken Sie, wie unsere Strategien zu messbarem Gesch\u00e4ftserfolg f\u00fchren. Anhand detaillierter Fallstudien zeigen wir, wie wertorientierte Preisgestaltung, pr\u00e4zise Positionierung und datengest\u00fctzte Entscheidungsfindung unseren Kunden zu h\u00f6heren Margen, einer st\u00e4rkeren Marktpr\u00e4senz und nachhaltigem Wachstum verholfen haben.\t\t\t\t\t\t\t\t<\/div>\n\t\t\t\t<\/div>\n\t\t\t\t\t<\/div>\n\t\t<\/div>\n\t\t\t\t\t<\/div>\n\t\t<\/section>\n\t\t\t\t<section class=\"elementor-section elementor-top-section elementor-element elementor-element-6cf89fee elementor-section-boxed elementor-section-height-default elementor-section-height-default\" data-id=\"6cf89fee\" data-element_type=\"section\">\n\t\t\t\t\t\t<div class=\"elementor-container elementor-column-gap-default\">\n\t\t\t\t\t<div class=\"elementor-column elementor-col-100 elementor-top-column elementor-element elementor-element-37df5270\" data-id=\"37df5270\" data-element_type=\"column\">\n\t\t\t<div class=\"elementor-widget-wrap elementor-element-populated\">\n\t\t\t\t\t\t<div class=\"elementor-element elementor-element-5b7eabee elementor-widget elementor-widget-wgl-blog\" data-id=\"5b7eabee\" data-element_type=\"widget\" data-settings=\"{&quot;blog_columns&quot;:&quot;4&quot;}\" data-widget_type=\"wgl-blog.default\">\n\t\t\t\t<div class=\"elementor-widget-container\">\n\t\t\t\t\t<section class=\"wgl_cpt_section\"><div class=\"blog-posts\"><div class=\"container-grid row blog_carousel blog-style-standard\"><div class=\"wgl-carousel_wrapper\"><div class=\"wgl-carousel swiper wgl-carousel_swiper swiper-container \" data-swiper='{\"watchOverflow\":true,\"infinite\":false,\"variableWidth\":false,\"autoplay\":false,\"autoplaySpeed\":null,\"speed\":3000,\"arrows\":false,\"dots\":false,\"adaptiveHeight\":true,\"responsive\":[{\"breakpoint\":1600,\"slidesToShow\":\"3\",\"slidesToScroll\":\"3\"},{\"breakpoint\":1201,\"slidesToShow\":\"3\",\"slidesToScroll\":\"3\"},{\"breakpoint\":768,\"slidesToShow\":\"2\",\"slidesToScroll\":\"2\"},{\"breakpoint\":280,\"slidesToShow\":\"1\",\"slidesToScroll\":\"1\"}]}' data-item-carousel='wgl_carousel_69edcbe731cf1'><div class=\"swiper-wrapper\">    <div class=\"item wgl_col-4 swiper-slide\">\n    <div class=\"blog-post format-standard-image\">\n    <div class=\"blog-post_wrapper\"><div class=\"blog-post_media\"><div class=\"blog-post_media_part\"><a href=\"https:\/\/chironex.eu\/de\/logistikdienstleister\/\" class=\"media-link image-overlay\"><img decoding=\"async\" data-src=\"https:\/\/chironex.eu\/wp-content\/uploads\/2025\/10\/container-4197259_1280-1-740x560.jpg\" alt=\"container-4197259_1280\" src=\"data:image\/svg+xml;base64,PHN2ZyB3aWR0aD0iMSIgaGVpZ2h0PSIxIiB4bWxucz0iaHR0cDovL3d3dy53My5vcmcvMjAwMC9zdmciPjwvc3ZnPg==\" class=\"lazyload\" style=\"--smush-placeholder-width: 740px; --smush-placeholder-aspect-ratio: 740\/560;\"><\/a><\/div><\/div>    <div class=\"blog-post_content\"><div class=\"post_meta-wrap\"><div class=\"meta-data\"><span class=\"post_date\">\n                        Oktober 28, 2025                        <\/span><\/div><\/div><h3 class=\"blog-post_title\"><a href=\"https:\/\/chironex.eu\/de\/logistikdienstleister\/\">Wie ein europ\u00e4ischer Logistikdienstleister seine Marktposition in Deutschland st\u00e4rkte und die EBIT-Marge mit einer klaren, technologiegest\u00fctzten Pricing-Strategie verbesserte<\/a><\/h3><div class=\"clear\"><\/div><div class=\"blog-post_footer\">            <div class=\"read-more-wrap\">\n                <a href=\"https:\/\/chironex.eu\/de\/logistikdienstleister\/\" class=\"button-read-more\">\n                <span>Mehr erfahren<\/span>\n                <\/a>\n            <\/div>    <\/div>\n    <\/div>\n    <\/div>\n    <\/div>\n    <\/div>    <div class=\"item wgl_col-4 swiper-slide\">\n    <div class=\"blog-post format-standard-image\">\n    <div class=\"blog-post_wrapper\"><div class=\"blog-post_media\"><div class=\"blog-post_media_part\"><a href=\"https:\/\/chironex.eu\/de\/case-study-use-case-ecs\/\" class=\"media-link image-overlay\"><img decoding=\"async\" data-src=\"https:\/\/chironex.eu\/wp-content\/uploads\/2025\/10\/plane-2909186_1280-740x560.jpg\" alt=\"plane-2909186_1280\" src=\"data:image\/svg+xml;base64,PHN2ZyB3aWR0aD0iMSIgaGVpZ2h0PSIxIiB4bWxucz0iaHR0cDovL3d3dy53My5vcmcvMjAwMC9zdmciPjwvc3ZnPg==\" class=\"lazyload\" style=\"--smush-placeholder-width: 740px; --smush-placeholder-aspect-ratio: 740\/560;\"><\/a><\/div><\/div>    <div class=\"blog-post_content\"><div class=\"post_meta-wrap\"><div class=\"meta-data\"><span class=\"post_date\">\n                        Oktober 24, 2025                        <\/span><\/div><\/div><h3 class=\"blog-post_title\"><a href=\"https:\/\/chironex.eu\/de\/case-study-use-case-ecs\/\">Neue Marktpositionierung f\u00fcr European Cargo Services: Differenzierung im internationalen Luftfrachtmarkt<\/a><\/h3><div class=\"clear\"><\/div><div class=\"blog-post_footer\">            <div class=\"read-more-wrap\">\n                <a href=\"https:\/\/chironex.eu\/de\/case-study-use-case-ecs\/\" class=\"button-read-more\">\n                <span>Mehr erfahren<\/span>\n                <\/a>\n            <\/div>    <\/div>\n    <\/div>\n    <\/div>\n    <\/div>\n    <\/div><\/div><\/div><\/div><\/div><\/div><\/section>\t\t\t\t<\/div>\n\t\t\t\t<\/div>\n\t\t\t\t\t<\/div>\n\t\t<\/div>\n\t\t\t\t\t<\/div>\n\t\t<\/section>\n\t\t\t\t<section class=\"elementor-section elementor-top-section elementor-element elementor-element-d002b9f elementor-section-boxed elementor-section-height-default elementor-section-height-default\" data-id=\"d002b9f\" data-element_type=\"section\" data-settings=\"{&quot;background_background&quot;:&quot;classic&quot;}\">\n\t\t\t\t\t\t\t<div class=\"elementor-background-overlay\"><\/div>\n\t\t\t\t\t\t\t<div class=\"elementor-container elementor-column-gap-default\">\n\t\t\t\t\t<div class=\"elementor-column elementor-col-66 elementor-top-column elementor-element elementor-element-696006c\" data-id=\"696006c\" data-element_type=\"column\">\n\t\t\t<div class=\"elementor-widget-wrap elementor-element-populated\">\n\t\t\t\t\t\t<div class=\"elementor-element elementor-element-28c5632 elementor-widget elementor-widget-heading\" data-id=\"28c5632\" data-element_type=\"widget\" data-widget_type=\"heading.default\">\n\t\t\t\t<div class=\"elementor-widget-container\">\n\t\t\t\t\t<h2 class=\"elementor-heading-title elementor-size-default\">Pricing ist komplex.  <br>\nGemeinsam machen wir es profitabel.\n<\/h2>\t\t\t\t<\/div>\n\t\t\t\t<\/div>\n\t\t\t\t\t<\/div>\n\t\t<\/div>\n\t\t\t\t<div class=\"elementor-column elementor-col-33 elementor-top-column elementor-element elementor-element-f6e7436\" data-id=\"f6e7436\" data-element_type=\"column\">\n\t\t\t<div class=\"elementor-widget-wrap elementor-element-populated\">\n\t\t\t\t\t\t<div class=\"elementor-element elementor-element-049639b aright a-mobilecenter elementor-widget elementor-widget-wgl-button\" data-id=\"049639b\" data-element_type=\"widget\" data-widget_type=\"wgl-button.default\">\n\t\t\t\t<div class=\"elementor-widget-container\">\n\t\t\t\t\t<div class=\"button-wrapper\"><a  class=\"wgl-button btn-size-xl \" role=\"button\" href=\"https:\/\/chironex.eu\/de\/kontakt\/\"><div class=\"button-content-wrapper \"><span class=\"wgl-button-text\">Kontakt aufnehmen<\/span><\/div><\/a><\/div>\t\t\t\t<\/div>\n\t\t\t\t<\/div>\n\t\t\t\t\t<\/div>\n\t\t<\/div>\n\t\t\t\t\t<\/div>\n\t\t<\/section>\n\t\t\t\t<section class=\"elementor-section elementor-top-section elementor-element elementor-element-396eef7 elementor-reverse-tablet elementor-reverse-mobile elementor-section-boxed elementor-section-height-default elementor-section-height-default\" data-id=\"396eef7\" data-element_type=\"section\">\n\t\t\t\t\t\t<div class=\"elementor-container elementor-column-gap-default\">\n\t\t\t\t\t<div class=\"elementor-column elementor-col-50 elementor-top-column elementor-element elementor-element-1405049 animated-slow elementor-invisible\" data-id=\"1405049\" data-element_type=\"column\" data-settings=\"{&quot;animation&quot;:&quot;fadeInUp&quot;,&quot;background_background&quot;:&quot;classic&quot;}\">\n\t\t\t<div class=\"elementor-widget-wrap elementor-element-populated\">\n\t\t\t\t\t\t<div class=\"elementor-element elementor-element-1fa1f46 divider_yes elementor-widget__width-initial elementor-widget-tablet__width-initial elementor-widget-mobile__width-inherit aleft elementor-widget elementor-widget-wgl-double-heading\" data-id=\"1fa1f46\" data-element_type=\"widget\" data-widget_type=\"wgl-double-heading.default\">\n\t\t\t\t<div class=\"elementor-widget-container\">\n\t\t\t\t\t<div class=\"wgl-double-heading\"><h3 class=\"dblh__title-wrapper\"><span class=\"dblh__divider\"><\/span><span class=\"dblh__title dblh__title-1\">EXPERTEN\n<\/span><span class=\"dblh__title dblh__title-2\"> KONTAKTIEREN<\/span><\/h3><\/div>\t\t\t\t<\/div>\n\t\t\t\t<\/div>\n\t\t\t\t<div class=\"elementor-element elementor-element-6984dac elementor-widget elementor-widget-text-editor\" data-id=\"6984dac\" data-element_type=\"widget\" data-widget_type=\"text-editor.default\">\n\t\t\t\t<div class=\"elementor-widget-container\">\n\t\t\t\t\t\t\t\t\tWie k\u00f6nnen wir Ihnen helfen?\n\n\t\t\t\t\t\t\t\t<\/div>\n\t\t\t\t<\/div>\n\t\t\t\t<div class=\"elementor-element elementor-element-44d7026 aleft elementor-widget elementor-widget-wgl-contact-form-7\" data-id=\"44d7026\" data-element_type=\"widget\" data-widget_type=\"wgl-contact-form-7.default\">\n\t\t\t\t<div class=\"elementor-widget-container\">\n\t\t\t\t\t<div class=\"wgl-contact-form-7\">\n<div class=\"wpcf7 no-js\" id=\"wpcf7-f6922-o1\" lang=\"de-DE\" dir=\"ltr\" data-wpcf7-id=\"6922\">\n<div class=\"screen-reader-response\"><p role=\"status\" aria-live=\"polite\" aria-atomic=\"true\"><\/p> <ul><\/ul><\/div>\n<form action=\"\/de\/wp-json\/wp\/v2\/pages\/8927#wpcf7-f6922-o1\" method=\"post\" class=\"wpcf7-form init\" aria-label=\"Kontaktformular\" novalidate=\"novalidate\" data-status=\"init\">\n<fieldset class=\"hidden-fields-container\"><input type=\"hidden\" name=\"_wpcf7\" value=\"6922\" \/><input type=\"hidden\" name=\"_wpcf7_version\" value=\"6.1.3\" \/><input type=\"hidden\" name=\"_wpcf7_locale\" value=\"de_DE\" \/><input type=\"hidden\" name=\"_wpcf7_unit_tag\" value=\"wpcf7-f6922-o1\" \/><input type=\"hidden\" name=\"_wpcf7_container_post\" value=\"0\" \/><input type=\"hidden\" name=\"_wpcf7_posted_data_hash\" value=\"\" \/>\n<\/fieldset>\n<div class='row contacts'>\n    <div class='wgl_col-12'>\n        <span class=\"wpcf7-form-control-wrap\" data-name=\"label-name\"><input size=\"40\" maxlength=\"400\" class=\"wpcf7-form-control wpcf7-text wpcf7-validates-as-required\" aria-required=\"true\" aria-invalid=\"false\" placeholder=\"Ihr Name*\" value=\"\" type=\"text\" name=\"label-name\" \/><\/span>\n    <\/div>\n    <div class='wgl_col-12'>\n        <span class=\"wpcf7-form-control-wrap\" data-name=\"label-mail\"><input size=\"40\" maxlength=\"400\" class=\"wpcf7-form-control wpcf7-email wpcf7-validates-as-required wpcf7-text wpcf7-validates-as-email\" aria-required=\"true\" aria-invalid=\"false\" placeholder=\"Email\" value=\"\" type=\"email\" name=\"label-mail\" \/><\/span>\n    <\/div>\n   <div class='wgl_col-12'>\n        <span class=\"wpcf7-form-control-wrap\" data-name=\"label-subj\"><input size=\"40\" maxlength=\"400\" class=\"wpcf7-form-control wpcf7-text wpcf7-validates-as-required\" aria-required=\"true\" aria-invalid=\"false\" placeholder=\"Betreff*\" value=\"\" type=\"text\" name=\"label-subj\" \/><\/span>\n    <\/div>\n    <div class='wgl_col-12'>\n        <span class=\"wpcf7-form-control-wrap\" data-name=\"label-textarea\"><textarea cols=\"40\" rows=\"10\" maxlength=\"2000\" class=\"wpcf7-form-control wpcf7-textarea\" aria-invalid=\"false\" placeholder=\"Nachricht...\" name=\"label-textarea\"><\/textarea><\/span>\n    <\/div>\n    <div class='wgl_col-12'><input class=\"wpcf7-form-control wpcf7-submit has-spinner\" type=\"submit\" value=\"SENDEN\" \/><\/div>\n<\/div><div class=\"wpcf7-response-output\" aria-hidden=\"true\"><\/div>\n<\/form>\n<\/div>\n<\/div>\t\t\t\t<\/div>\n\t\t\t\t<\/div>\n\t\t\t\t\t<\/div>\n\t\t<\/div>\n\t\t\t\t<div class=\"elementor-column elementor-col-50 elementor-top-column elementor-element elementor-element-3e74102 elementor-invisible\" data-id=\"3e74102\" data-element_type=\"column\" data-settings=\"{&quot;animation&quot;:&quot;fadeInUp&quot;,&quot;background_background&quot;:&quot;classic&quot;}\">\n\t\t\t<div class=\"elementor-widget-wrap elementor-element-populated\">\n\t\t\t\t\t\t<div class=\"elementor-element elementor-element-bbc5238 elementor-widget elementor-widget-image\" data-id=\"bbc5238\" data-element_type=\"widget\" data-widget_type=\"image.default\">\n\t\t\t\t<div class=\"elementor-widget-container\">\n\t\t\t\t\t\t\t\t\t\t\t\t\t\t\t<img fetchpriority=\"high\" decoding=\"async\" width=\"1353\" height=\"1333\" src=\"https:\/\/chironex.eu\/wp-content\/uploads\/2025\/10\/88-1.jpg\" class=\"attachment-full size-full wp-image-9417\" alt=\"\" srcset=\"https:\/\/chironex.eu\/wp-content\/uploads\/2025\/10\/88-1.jpg 1353w, https:\/\/chironex.eu\/wp-content\/uploads\/2025\/10\/88-1-300x296.jpg 300w, https:\/\/chironex.eu\/wp-content\/uploads\/2025\/10\/88-1-1024x1009.jpg 1024w, https:\/\/chironex.eu\/wp-content\/uploads\/2025\/10\/88-1-768x757.jpg 768w\" sizes=\"(max-width: 1353px) 100vw, 1353px\" \/>\t\t\t\t\t\t\t\t\t\t\t\t\t\t\t<\/div>\n\t\t\t\t<\/div>\n\t\t\t\t\t<\/div>\n\t\t<\/div>\n\t\t\t\t\t<\/div>\n\t\t<\/section>\n\t\t\t\t<\/div>\n\t\t","protected":false},"excerpt":{"rendered":"<p>Fallstudien Entdecken Sie, wie unsere Strategien zu messbarem Gesch\u00e4ftserfolg f\u00fchren. Anhand detaillierter Fallstudien zeigen wir, wie wertorientierte Preisgestaltung, pr\u00e4zise Positionierung und datengest\u00fctzte Entscheidungsfindung unseren Kunden zu h\u00f6heren Margen, einer st\u00e4rkeren Marktpr\u00e4senz und nachhaltigem Wachstum verholfen haben. October 24, 2025 How a European logistics service provider strengthened its market position in Germany and improved its EBIT [&hellip;]<\/p>\n","protected":false},"author":2,"featured_media":0,"parent":0,"menu_order":0,"comment_status":"closed","ping_status":"closed","template":"","meta":{"footnotes":""},"class_list":["post-8927","page","type-page","status-publish","hentry"],"yoast_head":"<!-- This site is optimized with the Yoast SEO plugin v26.3 - https:\/\/yoast.com\/wordpress\/plugins\/seo\/ -->\n<title>Fallstudien - Chironex Consulting<\/title>\n<meta name=\"robots\" content=\"index, follow, max-snippet:-1, max-image-preview:large, max-video-preview:-1\" \/>\n<link rel=\"canonical\" href=\"https:\/\/chironex.eu\/de\/fallstudien\/\" \/>\n<meta property=\"og:locale\" content=\"de_DE\" \/>\n<meta property=\"og:type\" content=\"article\" \/>\n<meta property=\"og:title\" content=\"Fallstudien - Chironex Consulting\" \/>\n<meta property=\"og:description\" content=\"Fallstudien Entdecken Sie, wie unsere Strategien zu messbarem Gesch\u00e4ftserfolg f\u00fchren. Anhand detaillierter Fallstudien zeigen wir, wie wertorientierte Preisgestaltung, pr\u00e4zise Positionierung und datengest\u00fctzte Entscheidungsfindung unseren Kunden zu h\u00f6heren Margen, einer st\u00e4rkeren Marktpr\u00e4senz und nachhaltigem Wachstum verholfen haben. October 24, 2025 How a European logistics service provider strengthened its market position in Germany and improved its EBIT [&hellip;]\" \/>\n<meta property=\"og:url\" content=\"https:\/\/chironex.eu\/de\/fallstudien\/\" \/>\n<meta property=\"og:site_name\" content=\"Chironex Consulting\" \/>\n<meta property=\"article:modified_time\" content=\"2025-10-30T19:49:39+00:00\" \/>\n<meta property=\"og:image\" content=\"https:\/\/chironex.eu\/wp-content\/uploads\/2025\/10\/container-4197259_1280-740x560.jpg\" \/>\n<meta name=\"twitter:card\" content=\"summary_large_image\" \/>\n<meta name=\"twitter:label1\" content=\"Gesch\u00e4tzte Lesezeit\" \/>\n\t<meta name=\"twitter:data1\" content=\"1\u00a0Minute\" \/>\n<script type=\"application\/ld+json\" class=\"yoast-schema-graph\">{\"@context\":\"https:\/\/schema.org\",\"@graph\":[{\"@type\":\"WebPage\",\"@id\":\"https:\/\/chironex.eu\/de\/fallstudien\/\",\"url\":\"https:\/\/chironex.eu\/de\/fallstudien\/\",\"name\":\"Fallstudien - Chironex Consulting\",\"isPartOf\":{\"@id\":\"https:\/\/chironex.eu\/de\/#website\"},\"primaryImageOfPage\":{\"@id\":\"https:\/\/chironex.eu\/de\/fallstudien\/#primaryimage\"},\"image\":{\"@id\":\"https:\/\/chironex.eu\/de\/fallstudien\/#primaryimage\"},\"thumbnailUrl\":\"https:\/\/chironex.eu\/wp-content\/uploads\/2025\/10\/container-4197259_1280-740x560.jpg\",\"datePublished\":\"2025-10-24T22:43:22+00:00\",\"dateModified\":\"2025-10-30T19:49:39+00:00\",\"breadcrumb\":{\"@id\":\"https:\/\/chironex.eu\/de\/fallstudien\/#breadcrumb\"},\"inLanguage\":\"de\",\"potentialAction\":[{\"@type\":\"ReadAction\",\"target\":[\"https:\/\/chironex.eu\/de\/fallstudien\/\"]}]},{\"@type\":\"ImageObject\",\"inLanguage\":\"de\",\"@id\":\"https:\/\/chironex.eu\/de\/fallstudien\/#primaryimage\",\"url\":\"https:\/\/chironex.eu\/wp-content\/uploads\/2025\/10\/container-4197259_1280-740x560.jpg\",\"contentUrl\":\"https:\/\/chironex.eu\/wp-content\/uploads\/2025\/10\/container-4197259_1280-740x560.jpg\"},{\"@type\":\"BreadcrumbList\",\"@id\":\"https:\/\/chironex.eu\/de\/fallstudien\/#breadcrumb\",\"itemListElement\":[{\"@type\":\"ListItem\",\"position\":1,\"name\":\"Home\",\"item\":\"https:\/\/chironex.eu\/de\/\"},{\"@type\":\"ListItem\",\"position\":2,\"name\":\"Fallstudien\"}]},{\"@type\":\"WebSite\",\"@id\":\"https:\/\/chironex.eu\/de\/#website\",\"url\":\"https:\/\/chironex.eu\/de\/\",\"name\":\"Chironex Consulting\",\"description\":\"Strategische Preisberatung f\u00fcr bessere Margen\",\"publisher\":{\"@id\":\"https:\/\/chironex.eu\/de\/#organization\"},\"potentialAction\":[{\"@type\":\"SearchAction\",\"target\":{\"@type\":\"EntryPoint\",\"urlTemplate\":\"https:\/\/chironex.eu\/de\/?s={search_term_string}\"},\"query-input\":{\"@type\":\"PropertyValueSpecification\",\"valueRequired\":true,\"valueName\":\"search_term_string\"}}],\"inLanguage\":\"de\"},{\"@type\":\"Organization\",\"@id\":\"https:\/\/chironex.eu\/de\/#organization\",\"name\":\"Chironex Consulting\",\"url\":\"https:\/\/chironex.eu\/de\/\",\"logo\":{\"@type\":\"ImageObject\",\"inLanguage\":\"de\",\"@id\":\"https:\/\/chironex.eu\/de\/#\/schema\/logo\/image\/\",\"url\":\"https:\/\/chironex.eu\/wp-content\/uploads\/2021\/06\/cropped-Chironex-1-1.jpg\",\"contentUrl\":\"https:\/\/chironex.eu\/wp-content\/uploads\/2021\/06\/cropped-Chironex-1-1.jpg\",\"width\":381,\"height\":120,\"caption\":\"Chironex Consulting\"},\"image\":{\"@id\":\"https:\/\/chironex.eu\/de\/#\/schema\/logo\/image\/\"}}]}<\/script>\n<!-- \/ Yoast SEO plugin. -->","yoast_head_json":{"title":"Fallstudien - Chironex Consulting","robots":{"index":"index","follow":"follow","max-snippet":"max-snippet:-1","max-image-preview":"max-image-preview:large","max-video-preview":"max-video-preview:-1"},"canonical":"https:\/\/chironex.eu\/de\/fallstudien\/","og_locale":"de_DE","og_type":"article","og_title":"Fallstudien - Chironex Consulting","og_description":"Fallstudien Entdecken Sie, wie unsere Strategien zu messbarem Gesch\u00e4ftserfolg f\u00fchren. Anhand detaillierter Fallstudien zeigen wir, wie wertorientierte Preisgestaltung, pr\u00e4zise Positionierung und datengest\u00fctzte Entscheidungsfindung unseren Kunden zu h\u00f6heren Margen, einer st\u00e4rkeren Marktpr\u00e4senz und nachhaltigem Wachstum verholfen haben. October 24, 2025 How a European logistics service provider strengthened its market position in Germany and improved its EBIT [&hellip;]","og_url":"https:\/\/chironex.eu\/de\/fallstudien\/","og_site_name":"Chironex Consulting","article_modified_time":"2025-10-30T19:49:39+00:00","og_image":[{"url":"https:\/\/chironex.eu\/wp-content\/uploads\/2025\/10\/container-4197259_1280-740x560.jpg","type":"","width":"","height":""}],"twitter_card":"summary_large_image","twitter_misc":{"Gesch\u00e4tzte Lesezeit":"1\u00a0Minute"},"schema":{"@context":"https:\/\/schema.org","@graph":[{"@type":"WebPage","@id":"https:\/\/chironex.eu\/de\/fallstudien\/","url":"https:\/\/chironex.eu\/de\/fallstudien\/","name":"Fallstudien - Chironex Consulting","isPartOf":{"@id":"https:\/\/chironex.eu\/de\/#website"},"primaryImageOfPage":{"@id":"https:\/\/chironex.eu\/de\/fallstudien\/#primaryimage"},"image":{"@id":"https:\/\/chironex.eu\/de\/fallstudien\/#primaryimage"},"thumbnailUrl":"https:\/\/chironex.eu\/wp-content\/uploads\/2025\/10\/container-4197259_1280-740x560.jpg","datePublished":"2025-10-24T22:43:22+00:00","dateModified":"2025-10-30T19:49:39+00:00","breadcrumb":{"@id":"https:\/\/chironex.eu\/de\/fallstudien\/#breadcrumb"},"inLanguage":"de","potentialAction":[{"@type":"ReadAction","target":["https:\/\/chironex.eu\/de\/fallstudien\/"]}]},{"@type":"ImageObject","inLanguage":"de","@id":"https:\/\/chironex.eu\/de\/fallstudien\/#primaryimage","url":"https:\/\/chironex.eu\/wp-content\/uploads\/2025\/10\/container-4197259_1280-740x560.jpg","contentUrl":"https:\/\/chironex.eu\/wp-content\/uploads\/2025\/10\/container-4197259_1280-740x560.jpg"},{"@type":"BreadcrumbList","@id":"https:\/\/chironex.eu\/de\/fallstudien\/#breadcrumb","itemListElement":[{"@type":"ListItem","position":1,"name":"Home","item":"https:\/\/chironex.eu\/de\/"},{"@type":"ListItem","position":2,"name":"Fallstudien"}]},{"@type":"WebSite","@id":"https:\/\/chironex.eu\/de\/#website","url":"https:\/\/chironex.eu\/de\/","name":"Chironex Consulting","description":"Strategische Preisberatung f\u00fcr bessere Margen","publisher":{"@id":"https:\/\/chironex.eu\/de\/#organization"},"potentialAction":[{"@type":"SearchAction","target":{"@type":"EntryPoint","urlTemplate":"https:\/\/chironex.eu\/de\/?s={search_term_string}"},"query-input":{"@type":"PropertyValueSpecification","valueRequired":true,"valueName":"search_term_string"}}],"inLanguage":"de"},{"@type":"Organization","@id":"https:\/\/chironex.eu\/de\/#organization","name":"Chironex Consulting","url":"https:\/\/chironex.eu\/de\/","logo":{"@type":"ImageObject","inLanguage":"de","@id":"https:\/\/chironex.eu\/de\/#\/schema\/logo\/image\/","url":"https:\/\/chironex.eu\/wp-content\/uploads\/2021\/06\/cropped-Chironex-1-1.jpg","contentUrl":"https:\/\/chironex.eu\/wp-content\/uploads\/2021\/06\/cropped-Chironex-1-1.jpg","width":381,"height":120,"caption":"Chironex Consulting"},"image":{"@id":"https:\/\/chironex.eu\/de\/#\/schema\/logo\/image\/"}}]}},"_links":{"self":[{"href":"https:\/\/chironex.eu\/de\/wp-json\/wp\/v2\/pages\/8927","targetHints":{"allow":["GET"]}}],"collection":[{"href":"https:\/\/chironex.eu\/de\/wp-json\/wp\/v2\/pages"}],"about":[{"href":"https:\/\/chironex.eu\/de\/wp-json\/wp\/v2\/types\/page"}],"author":[{"embeddable":true,"href":"https:\/\/chironex.eu\/de\/wp-json\/wp\/v2\/users\/2"}],"replies":[{"embeddable":true,"href":"https:\/\/chironex.eu\/de\/wp-json\/wp\/v2\/comments?post=8927"}],"version-history":[{"count":12,"href":"https:\/\/chironex.eu\/de\/wp-json\/wp\/v2\/pages\/8927\/revisions"}],"predecessor-version":[{"id":9506,"href":"https:\/\/chironex.eu\/de\/wp-json\/wp\/v2\/pages\/8927\/revisions\/9506"}],"wp:attachment":[{"href":"https:\/\/chironex.eu\/de\/wp-json\/wp\/v2\/media?parent=8927"}],"curies":[{"name":"wp","href":"https:\/\/api.w.org\/{rel}","templated":true}]}}